{"id":2764,"date":"2018-04-29T19:27:33","date_gmt":"2018-04-29T09:27:33","guid":{"rendered":"http:\/\/pillai.koyil.org\/?page_id=2764"},"modified":"2018-04-29T19:27:33","modified_gmt":"2018-04-29T09:27:33","slug":"newcomers-guide","status":"publish","type":"page","link":"https:\/\/pillai.koyil.org\/index.php\/newcomers-guide\/","title":{"rendered":"\u015ar\u012bVai\u1e63\u1e47avam for Newcomers"},"content":{"rendered":"<p style=\"text-align: center;\"><small>\u015ar\u012b\u1e25\u00a0 \u015ar\u012bmath\u0113 \u015aatak\u014dp\u0101ya nama\u1e25\u00a0 \u015ar\u012bmath\u0113 R\u0101m\u0101nuj\u0101ya nama\u1e25\u00a0 \u015ar\u012bmath Varavaramunay\u0113 nama\u1e25<\/small><\/p>\n<p><a href=\"https:\/\/pillai.koyil.org\/wp-content\/uploads\/2014\/09\/paramapadhanathan.jpg\"><img loading=\"lazy\" decoding=\"async\" class=\"aligncenter wp-image-690\" src=\"https:\/\/pillai.koyil.org\/wp-content\/uploads\/2014\/09\/paramapadhanathan.jpg\" alt=\"\" width=\"288\" height=\"235\" srcset=\"https:\/\/pillai.koyil.org\/wp-content\/uploads\/2014\/09\/paramapadhanathan.jpg 468w, https:\/\/pillai.koyil.org\/wp-content\/uploads\/2014\/09\/paramapadhanathan-300x245.jpg 300w\" sizes=\"auto, (max-width: 288px) 100vw, 288px\" \/><\/a><\/p>\n<p>\u015ar\u012bVai\u1e63\u1e47avam is an intriguing and ancient path which guides people towards liberation through an authentic tradition of great saints and sages.<\/p>\n<p>For someone who has no prior exposure to \u015ar\u012bVai\u1e63\u1e47avam, the tradition, philosophy and practices could be overwhelming. This collection of articles is an attempt to present the very basics in the simplest way. Once readers get a handle of this, there is a lot of content which gives from the fundamentals to the most complex topics related to \u015ar\u012bVai\u1e63\u1e47avam.<\/p>\n<p>Welcome aboard and we hope you enjoy and learn something about \u015ar\u012bVai\u1e63\u1e47avam.<\/p>\n<ul>\n<li><a href=\"https:\/\/pillai.koyil.org\/index.php\/2018\/04\/newcomers-guide-our-tradition\/\">Our Tradition<\/a><\/li>\n<li><a href=\"https:\/\/pillai.koyil.org\/index.php\/2018\/04\/newcomers-guide-our-practices\/\">Our Practices<\/a><\/li>\n<li><a href=\"https:\/\/pillai.koyil.org\/index.php\/2018\/04\/newcomers-guide-our-philosophy\/\">Our Philosophy<\/a><\/li>\n<li><a href=\"https:\/\/pillai.koyil.org\/index.php\/2018\/04\/newcomers-guide-who-is-ramanuja\/\">Who is R\u0101m\u0101nuja?<\/a><\/li>\n<\/ul>\n<p>archived in <a href=\"https:\/\/pillai.koyil.org\">https:\/\/pillai.koyil.org<\/a><\/p>\n<p>pram\u0113yam (goal) \u2013 <a href=\"http:\/\/koyil.org\/\" target=\"_blank\" rel=\"noopener\" data-saferedirecturl=\"https:\/\/www.google.com\/url?hl=en&amp;q=http:\/\/koyil.org\/&amp;source=gmail&amp;ust=1469752406053000&amp;usg=AFQjCNFb0MQ3VmrAxciTynjiFMhHYX2BLw\">http:\/\/koyil.org\/<\/a><br \/>\npram\u0101\u1e47am (scriptures) \u2013 <a href=\"http:\/\/granthams.koyil.org\" target=\"_blank\" rel=\"noopener\" data-saferedirecturl=\"https:\/\/www.google.com\/url?hl=en&amp;q=http:\/\/granthams.koyil.org&amp;source=gmail&amp;ust=1469752406053000&amp;usg=AFQjCNGZ9aTWQZVDByZloQVwmolUe1IF3Q\">http:\/\/granthams.koyil.org<\/a><br \/>\npram\u0101th\u0101 (preceptors) \u2013 <a href=\"http:\/\/acharyas.koyil.org\" target=\"_blank\" rel=\"noopener\" data-saferedirecturl=\"https:\/\/www.google.com\/url?hl=en&amp;q=http:\/\/acharyas.koyil.org&amp;source=gmail&amp;ust=1469752406053000&amp;usg=AFQjCNELUbgG_cTTx5sLjdTMsG9cVZr43w\">http:\/\/acharyas.koyil.org<\/a><br \/>\n\u015ar\u012bVai\u1e63\u1e47ava education\/kids portal \u2013 <a href=\"https:\/\/pillai.koyil.org\" target=\"_blank\" rel=\"noopener\" data-saferedirecturl=\"https:\/\/www.google.com\/url?hl=en&amp;q=https:\/\/pillai.koyil.org&amp;source=gmail&amp;ust=1469752406053000&amp;usg=AFQjCNFxErGIxEASX2C8wzFgF_If457peg\">https:\/\/pillai.koyil.org<\/a><\/p>\n","protected":false},"excerpt":{"rendered":"<p>\u015ar\u012b\u1e25\u00a0 \u015ar\u012bmath\u0113 \u015aatak\u014dp\u0101ya nama\u1e25\u00a0 \u015ar\u012bmath\u0113 R\u0101m\u0101nuj\u0101ya nama\u1e25\u00a0 \u015ar\u012bmath Varavaramunay\u0113 nama\u1e25 \u015ar\u012bVai\u1e63\u1e47avam is an intriguing and ancient path which guides people towards liberation through an authentic tradition of great saints and sages. For someone who has no prior exposure to \u015ar\u012bVai\u1e63\u1e47avam, the tradition, philosophy and practices could be overwhelming. This collection of articles is an attempt &#8230; <a title=\"\u015ar\u012bVai\u1e63\u1e47avam for Newcomers\" class=\"read-more\" href=\"https:\/\/pillai.koyil.org\/index.php\/newcomers-guide\/\" aria-label=\"Read more about \u015ar\u012bVai\u1e63\u1e47avam for Newcomers\">Read more<\/a><\/p>\n","protected":false},"author":3,"featured_media":0,"parent":0,"menu_order":0,"comment_status":"closed","ping_status":"closed","template":"","meta":{"footnotes":""},"class_list":["post-2764","page","type-page","status-publish"],"_links":{"self":[{"href":"https:\/\/pillai.koyil.org\/index.php\/wp-json\/wp\/v2\/pages\/2764","targetHints":{"allow":["GET"]}}],"collection":[{"href":"https:\/\/pillai.koyil.org\/index.php\/wp-json\/wp\/v2\/pages"}],"about":[{"href":"https:\/\/pillai.koyil.org\/index.php\/wp-json\/wp\/v2\/types\/page"}],"author":[{"embeddable":true,"href":"https:\/\/pillai.koyil.org\/index.php\/wp-json\/wp\/v2\/users\/3"}],"replies":[{"embeddable":true,"href":"https:\/\/pillai.koyil.org\/index.php\/wp-json\/wp\/v2\/comments?post=2764"}],"version-history":[{"count":0,"href":"https:\/\/pillai.koyil.org\/index.php\/wp-json\/wp\/v2\/pages\/2764\/revisions"}],"wp:attachment":[{"href":"https:\/\/pillai.koyil.org\/index.php\/wp-json\/wp\/v2\/media?parent=2764"}],"curies":[{"name":"wp","href":"https:\/\/api.w.org\/{rel}","templated":true}]}}